{"id":130,"date":"2024-03-07T11:25:12","date_gmt":"2024-03-07T14:25:12","guid":{"rendered":"http:\/\/ssdroneadventure.com.br\/?page_id=130"},"modified":"2024-03-07T19:15:51","modified_gmt":"2024-03-07T22:15:51","slug":"pequeno-mundo","status":"publish","type":"page","link":"http:\/\/ssdroneadventure.com.br\/?page_id=130","title":{"rendered":"Pequeno Mundo"},"content":{"rendered":"\t\t<div data-elementor-type=\"wp-page\" data-elementor-id=\"130\" class=\"elementor elementor-130\">\n\t\t\t\t\t\t<section class=\"elementor-section elementor-top-section elementor-element elementor-element-6f2940b elementor-section-full_width elementor-section-height-default elementor-section-height-default\" data-id=\"6f2940b\" data-element_type=\"section\">\n\t\t\t\t\t\t<div class=\"elementor-container elementor-column-gap-default\">\n\t\t\t\t\t<div class=\"elementor-column elementor-col-100 elementor-top-column elementor-element elementor-element-e7fc637\" data-id=\"e7fc637\" data-element_type=\"column\">\n\t\t\t<div class=\"elementor-widget-wrap elementor-element-populated\">\n\t\t\t\t\t\t<div class=\"elementor-element elementor-element-b07f4e0 animated-slow elementor-invisible elementor-widget elementor-widget-heading\" data-id=\"b07f4e0\" data-element_type=\"widget\" data-settings=\"{&quot;_animation&quot;:&quot;zoomInUp&quot;}\" data-widget_type=\"heading.default\">\n\t\t\t\t<div class=\"elementor-widget-container\">\n\t\t\t\t\t<h2 class=\"elementor-heading-title elementor-size-default\"><h1 class=\"post__title m-0 text-center\" style=\"font-size: var(--go--type-scale-6);font-family: var(--go-heading--font-family);font-style: normal;font-weight: var(--go-heading--font-weight);line-height: var(--go-heading--line-height);letter-spacing: var(--go-heading--letter-spacing,normal)\">Pequeno Mundo<\/h1><\/h2>\t\t\t\t<\/div>\n\t\t\t\t<\/div>\n\t\t\t\t<section class=\"elementor-section elementor-inner-section elementor-element elementor-element-a367e37 elementor-section-boxed elementor-section-height-default elementor-section-height-default\" data-id=\"a367e37\" data-element_type=\"section\">\n\t\t\t\t\t\t<div class=\"elementor-container elementor-column-gap-default\">\n\t\t\t\t\t<div class=\"elementor-column elementor-col-50 elementor-inner-column elementor-element elementor-element-0541220\" data-id=\"0541220\" data-element_type=\"column\">\n\t\t\t<div class=\"elementor-widget-wrap elementor-element-populated\">\n\t\t\t\t\t\t<div class=\"elementor-element elementor-element-40f5825 elementor-widget elementor-widget-image\" data-id=\"40f5825\" data-element_type=\"widget\" data-widget_type=\"image.default\">\n\t\t\t\t<div class=\"elementor-widget-container\">\n\t\t\t\t\t\t\t\t\t\t\t\t<figure class=\"wp-caption\">\n\t\t\t\t\t\t\t\t\t\t\t<a href=\"http:\/\/ssdroneadventure.com.br\/wp-content\/uploads\/2024\/03\/Mundinho-Matriz.png\" data-elementor-open-lightbox=\"yes\" data-elementor-lightbox-title=\"Pequeno Mundo Matriz\" data-e-action-hash=\"#elementor-action%3Aaction%3Dlightbox%26settings%3DeyJpZCI6OTEsInVybCI6Imh0dHA6XC9cL3NzZHJvbmVhZHZlbnR1cmUuY29tLmJyXC93cC1jb250ZW50XC91cGxvYWRzXC8yMDI0XC8wM1wvTXVuZGluaG8tTWF0cml6LnBuZyJ9\">\n\t\t\t\t\t\t\t<img fetchpriority=\"high\" decoding=\"async\" width=\"660\" height=\"660\" src=\"http:\/\/ssdroneadventure.com.br\/wp-content\/uploads\/2024\/03\/Mundinho-Matriz-1024x1024.png\" class=\"attachment-large size-large wp-image-91\" alt=\"\" srcset=\"http:\/\/ssdroneadventure.com.br\/wp-content\/uploads\/2024\/03\/Mundinho-Matriz-1024x1024.png 1024w, http:\/\/ssdroneadventure.com.br\/wp-content\/uploads\/2024\/03\/Mundinho-Matriz-300x300.png 300w, http:\/\/ssdroneadventure.com.br\/wp-content\/uploads\/2024\/03\/Mundinho-Matriz-150x150.png 150w, http:\/\/ssdroneadventure.com.br\/wp-content\/uploads\/2024\/03\/Mundinho-Matriz-768x768.png 768w, http:\/\/ssdroneadventure.com.br\/wp-content\/uploads\/2024\/03\/Mundinho-Matriz-1536x1536.png 1536w, http:\/\/ssdroneadventure.com.br\/wp-content\/uploads\/2024\/03\/Mundinho-Matriz.png 2000w\" sizes=\"(max-width: 660px) 100vw, 660px\" \/>\t\t\t\t\t\t\t\t<\/a>\n\t\t\t\t\t\t\t\t\t\t\t<figcaption class=\"widget-image-caption wp-caption-text\">Catedral de Ourinhos<\/figcaption>\n\t\t\t\t\t\t\t\t\t\t<\/figure>\n\t\t\t\t\t\t\t\t\t<\/div>\n\t\t\t\t<\/div>\n\t\t\t\t\t<\/div>\n\t\t<\/div>\n\t\t\t\t<div class=\"elementor-column elementor-col-50 elementor-inner-column elementor-element elementor-element-bcb6f9e\" data-id=\"bcb6f9e\" data-element_type=\"column\">\n\t\t\t<div class=\"elementor-widget-wrap elementor-element-populated\">\n\t\t\t\t\t\t<div class=\"elementor-element elementor-element-9e57328 elementor-widget elementor-widget-image\" data-id=\"9e57328\" data-element_type=\"widget\" data-widget_type=\"image.default\">\n\t\t\t\t<div class=\"elementor-widget-container\">\n\t\t\t\t\t\t\t\t\t\t\t\t<figure class=\"wp-caption\">\n\t\t\t\t\t\t\t\t\t\t\t<a href=\"http:\/\/ssdroneadventure.com.br\/wp-content\/uploads\/2024\/03\/Villaggio_out.png\" data-elementor-open-lightbox=\"yes\" data-elementor-lightbox-title=\"Villaggio\" data-e-action-hash=\"#elementor-action%3Aaction%3Dlightbox%26settings%3DeyJpZCI6MTA4LCJ1cmwiOiJodHRwOlwvXC9zc2Ryb25lYWR2ZW50dXJlLmNvbS5iclwvd3AtY29udGVudFwvdXBsb2Fkc1wvMjAyNFwvMDNcL1ZpbGxhZ2dpb19vdXQucG5nIn0%3D\">\n\t\t\t\t\t\t\t<img decoding=\"async\" width=\"660\" height=\"660\" src=\"http:\/\/ssdroneadventure.com.br\/wp-content\/uploads\/2024\/03\/Villaggio_out-1024x1024.png\" class=\"attachment-large size-large wp-image-108\" alt=\"\" srcset=\"http:\/\/ssdroneadventure.com.br\/wp-content\/uploads\/2024\/03\/Villaggio_out-1024x1024.png 1024w, http:\/\/ssdroneadventure.com.br\/wp-content\/uploads\/2024\/03\/Villaggio_out-300x300.png 300w, http:\/\/ssdroneadventure.com.br\/wp-content\/uploads\/2024\/03\/Villaggio_out-150x150.png 150w, http:\/\/ssdroneadventure.com.br\/wp-content\/uploads\/2024\/03\/Villaggio_out-768x768.png 768w, http:\/\/ssdroneadventure.com.br\/wp-content\/uploads\/2024\/03\/Villaggio_out-1536x1536.png 1536w, http:\/\/ssdroneadventure.com.br\/wp-content\/uploads\/2024\/03\/Villaggio_out.png 2000w\" sizes=\"(max-width: 660px) 100vw, 660px\" \/>\t\t\t\t\t\t\t\t<\/a>\n\t\t\t\t\t\t\t\t\t\t\t<figcaption class=\"widget-image-caption wp-caption-text\">Condom\u00ednio Villaggio<\/figcaption>\n\t\t\t\t\t\t\t\t\t\t<\/figure>\n\t\t\t\t\t\t\t\t\t<\/div>\n\t\t\t\t<\/div>\n\t\t\t\t\t<\/div>\n\t\t<\/div>\n\t\t\t\t\t<\/div>\n\t\t<\/section>\n\t\t\t\t<section class=\"elementor-section elementor-inner-section elementor-element elementor-element-35aa79e elementor-section-boxed elementor-section-height-default elementor-section-height-default\" data-id=\"35aa79e\" data-element_type=\"section\">\n\t\t\t\t\t\t<div class=\"elementor-container elementor-column-gap-default\">\n\t\t\t\t\t<div class=\"elementor-column elementor-col-50 elementor-inner-column elementor-element elementor-element-0643a29\" data-id=\"0643a29\" data-element_type=\"column\">\n\t\t\t<div class=\"elementor-widget-wrap elementor-element-populated\">\n\t\t\t\t\t\t<div class=\"elementor-element elementor-element-4b942a6 elementor-widget elementor-widget-image\" data-id=\"4b942a6\" data-element_type=\"widget\" data-widget_type=\"image.default\">\n\t\t\t\t<div class=\"elementor-widget-container\">\n\t\t\t\t\t\t\t\t\t\t\t\t<figure class=\"wp-caption\">\n\t\t\t\t\t\t\t\t\t\t\t<a href=\"http:\/\/ssdroneadventure.com.br\/wp-content\/uploads\/2024\/03\/Mundinho-Morro-do-Gaviao-PQ.png\" data-elementor-open-lightbox=\"yes\" data-elementor-lightbox-title=\"Mundinho-Morro do Gavi\u00e3o-PQ\" data-e-action-hash=\"#elementor-action%3Aaction%3Dlightbox%26settings%3DeyJpZCI6MTQ4LCJ1cmwiOiJodHRwOlwvXC9zc2Ryb25lYWR2ZW50dXJlLmNvbS5iclwvd3AtY29udGVudFwvdXBsb2Fkc1wvMjAyNFwvMDNcL011bmRpbmhvLU1vcnJvLWRvLUdhdmlhby1QUS5wbmcifQ%3D%3D\">\n\t\t\t\t\t\t\t<img decoding=\"async\" width=\"660\" height=\"660\" src=\"http:\/\/ssdroneadventure.com.br\/wp-content\/uploads\/2024\/03\/Mundinho-Morro-do-Gaviao-PQ-1024x1024.png\" class=\"attachment-large size-large wp-image-148\" alt=\"\" srcset=\"http:\/\/ssdroneadventure.com.br\/wp-content\/uploads\/2024\/03\/Mundinho-Morro-do-Gaviao-PQ-1024x1024.png 1024w, http:\/\/ssdroneadventure.com.br\/wp-content\/uploads\/2024\/03\/Mundinho-Morro-do-Gaviao-PQ-300x300.png 300w, http:\/\/ssdroneadventure.com.br\/wp-content\/uploads\/2024\/03\/Mundinho-Morro-do-Gaviao-PQ-150x150.png 150w, http:\/\/ssdroneadventure.com.br\/wp-content\/uploads\/2024\/03\/Mundinho-Morro-do-Gaviao-PQ-768x768.png 768w, http:\/\/ssdroneadventure.com.br\/wp-content\/uploads\/2024\/03\/Mundinho-Morro-do-Gaviao-PQ-1536x1536.png 1536w, http:\/\/ssdroneadventure.com.br\/wp-content\/uploads\/2024\/03\/Mundinho-Morro-do-Gaviao-PQ-2048x2048.png 2048w\" sizes=\"(max-width: 660px) 100vw, 660px\" \/>\t\t\t\t\t\t\t\t<\/a>\n\t\t\t\t\t\t\t\t\t\t\t<figcaption class=\"widget-image-caption wp-caption-text\">Morro do Gavi\u00e3o em Ribeir\u00e3o Claro<\/figcaption>\n\t\t\t\t\t\t\t\t\t\t<\/figure>\n\t\t\t\t\t\t\t\t\t<\/div>\n\t\t\t\t<\/div>\n\t\t\t\t\t<\/div>\n\t\t<\/div>\n\t\t\t\t<div class=\"elementor-column elementor-col-50 elementor-inner-column elementor-element elementor-element-15809b2\" data-id=\"15809b2\" data-element_type=\"column\">\n\t\t\t<div class=\"elementor-widget-wrap elementor-element-populated\">\n\t\t\t\t\t\t<div class=\"elementor-element elementor-element-8579c05 elementor-widget elementor-widget-image\" data-id=\"8579c05\" data-element_type=\"widget\" data-widget_type=\"image.default\">\n\t\t\t\t<div class=\"elementor-widget-container\">\n\t\t\t\t\t\t\t\t\t\t\t\t<figure class=\"wp-caption\">\n\t\t\t\t\t\t\t\t\t\t\t<a href=\"http:\/\/ssdroneadventure.com.br\/wp-content\/uploads\/2024\/03\/Pao-de-Acucar_out.png\" data-elementor-open-lightbox=\"yes\" data-elementor-lightbox-title=\"Pao-de-A\u00e7ucar\" data-e-action-hash=\"#elementor-action%3Aaction%3Dlightbox%26settings%3DeyJpZCI6MTY3LCJ1cmwiOiJodHRwOlwvXC9zc2Ryb25lYWR2ZW50dXJlLmNvbS5iclwvd3AtY29udGVudFwvdXBsb2Fkc1wvMjAyNFwvMDNcL1Bhby1kZS1BY3VjYXJfb3V0LnBuZyJ9\">\n\t\t\t\t\t\t\t<img loading=\"lazy\" decoding=\"async\" width=\"660\" height=\"660\" src=\"http:\/\/ssdroneadventure.com.br\/wp-content\/uploads\/2024\/03\/Pao-de-Acucar_out-1024x1024.png\" class=\"attachment-large size-large wp-image-167\" alt=\"\" srcset=\"http:\/\/ssdroneadventure.com.br\/wp-content\/uploads\/2024\/03\/Pao-de-Acucar_out-1024x1024.png 1024w, http:\/\/ssdroneadventure.com.br\/wp-content\/uploads\/2024\/03\/Pao-de-Acucar_out-300x300.png 300w, http:\/\/ssdroneadventure.com.br\/wp-content\/uploads\/2024\/03\/Pao-de-Acucar_out-150x150.png 150w, http:\/\/ssdroneadventure.com.br\/wp-content\/uploads\/2024\/03\/Pao-de-Acucar_out-768x768.png 768w, http:\/\/ssdroneadventure.com.br\/wp-content\/uploads\/2024\/03\/Pao-de-Acucar_out-1536x1536.png 1536w, http:\/\/ssdroneadventure.com.br\/wp-content\/uploads\/2024\/03\/Pao-de-Acucar_out-2048x2048.png 2048w\" sizes=\"(max-width: 660px) 100vw, 660px\" \/>\t\t\t\t\t\t\t\t<\/a>\n\t\t\t\t\t\t\t\t\t\t\t<figcaption class=\"widget-image-caption wp-caption-text\">Rotat\u00f3ria do P\u00e3o de A\u00e7ucar de Ourinhos<\/figcaption>\n\t\t\t\t\t\t\t\t\t\t<\/figure>\n\t\t\t\t\t\t\t\t\t<\/div>\n\t\t\t\t<\/div>\n\t\t\t\t<div class=\"elementor-element elementor-element-22c1eeb elementor-widget elementor-widget-image\" data-id=\"22c1eeb\" data-element_type=\"widget\" data-widget_type=\"image.default\">\n\t\t\t\t<div class=\"elementor-widget-container\">\n\t\t\t\t\t\t\t\t\t\t\t\t\t\t\t\t<a href=\"http:\/\/ssdroneadventure.com.br\/wp-content\/uploads\/2024\/03\/Pequeno-Mundo-Pao-de-Acucar.png\" data-elementor-open-lightbox=\"yes\" data-e-action-hash=\"#elementor-action%3Aaction%3Dlightbox%26settings%3DeyJpZCI6MTYyLCJ1cmwiOmZhbHNlfQ%3D%3D\">\n\t\t\t\t\t\t\t<img decoding=\"async\" src=\"http:\/\/ssdroneadventure.com.br\/wp-content\/uploads\/2024\/03\/Pequeno-Mundo-Pao-de-Acucar.png\" title=\"\" alt=\"\" loading=\"lazy\" \/>\t\t\t\t\t\t\t\t<\/a>\n\t\t\t\t\t\t\t\t\t\t\t\t\t\t\t<\/div>\n\t\t\t\t<\/div>\n\t\t\t\t\t<\/div>\n\t\t<\/div>\n\t\t\t\t\t<\/div>\n\t\t<\/section>\n\t\t\t\t\t<\/div>\n\t\t<\/div>\n\t\t\t\t\t<\/div>\n\t\t<\/section>\n\t\t\t\t<\/div>\n\t\t","protected":false},"excerpt":{"rendered":"<p>Pequeno Mundo Catedral de Ourinhos Condom\u00ednio Villaggio Morro do Gavi\u00e3o em Ribeir\u00e3o Claro Rotat\u00f3ria do P\u00e3o de A\u00e7ucar de Ourinhos<\/p>\n","protected":false},"author":1,"featured_media":0,"parent":0,"menu_order":0,"comment_status":"closed","ping_status":"closed","template":"elementor_header_footer","meta":{"hide_page_title":"enabled","_coblocks_attr":"","_coblocks_dimensions":"","_coblocks_responsive_height":"","_coblocks_accordion_ie_support":"","footnotes":""},"_links":{"self":[{"href":"http:\/\/ssdroneadventure.com.br\/index.php?rest_route=\/wp\/v2\/pages\/130"}],"collection":[{"href":"http:\/\/ssdroneadventure.com.br\/index.php?rest_route=\/wp\/v2\/pages"}],"about":[{"href":"http:\/\/ssdroneadventure.com.br\/index.php?rest_route=\/wp\/v2\/types\/page"}],"author":[{"embeddable":true,"href":"http:\/\/ssdroneadventure.com.br\/index.php?rest_route=\/wp\/v2\/users\/1"}],"replies":[{"embeddable":true,"href":"http:\/\/ssdroneadventure.com.br\/index.php?rest_route=%2Fwp%2Fv2%2Fcomments&post=130"}],"version-history":[{"count":39,"href":"http:\/\/ssdroneadventure.com.br\/index.php?rest_route=\/wp\/v2\/pages\/130\/revisions"}],"predecessor-version":[{"id":194,"href":"http:\/\/ssdroneadventure.com.br\/index.php?rest_route=\/wp\/v2\/pages\/130\/revisions\/194"}],"wp:attachment":[{"href":"http:\/\/ssdroneadventure.com.br\/index.php?rest_route=%2Fwp%2Fv2%2Fmedia&parent=130"}],"curies":[{"name":"wp","href":"https:\/\/api.w.org\/{rel}","templated":true}]}}