{"id":281,"date":"2024-03-09T21:56:32","date_gmt":"2024-03-10T00:56:32","guid":{"rendered":"http:\/\/ssdroneadventure.com.br\/?page_id=281"},"modified":"2024-03-10T18:58:00","modified_gmt":"2024-03-10T21:58:00","slug":"multi","status":"publish","type":"page","link":"http:\/\/ssdroneadventure.com.br\/?page_id=281","title":{"rendered":"Multiespectral"},"content":{"rendered":"\t\t<div data-elementor-type=\"wp-page\" data-elementor-id=\"281\" class=\"elementor elementor-281\">\n\t\t\t\t\t\t<section class=\"elementor-section elementor-top-section elementor-element elementor-element-534853e elementor-section-stretched elementor-section-boxed elementor-section-height-default elementor-section-height-default\" data-id=\"534853e\" data-element_type=\"section\" data-settings=\"{&quot;stretch_section&quot;:&quot;section-stretched&quot;}\">\n\t\t\t\t\t\t<div class=\"elementor-container elementor-column-gap-default\">\n\t\t\t\t\t<div class=\"elementor-column elementor-col-100 elementor-top-column elementor-element elementor-element-15be3c1\" data-id=\"15be3c1\" data-element_type=\"column\">\n\t\t\t<div class=\"elementor-widget-wrap elementor-element-populated\">\n\t\t\t\t\t\t<div class=\"elementor-element elementor-element-39b2967 elementor-widget elementor-widget-heading\" data-id=\"39b2967\" data-element_type=\"widget\" data-widget_type=\"heading.default\">\n\t\t\t\t<div class=\"elementor-widget-container\">\n\t\t\t\t\t<h2 class=\"elementor-heading-title elementor-size-default\">Multiespectral<\/h2>\t\t\t\t<\/div>\n\t\t\t\t<\/div>\n\t\t\t\t<section class=\"elementor-section elementor-inner-section elementor-element elementor-element-d847429 elementor-section-boxed elementor-section-height-default elementor-section-height-default\" data-id=\"d847429\" data-element_type=\"section\">\n\t\t\t\t\t\t<div class=\"elementor-container elementor-column-gap-default\">\n\t\t\t\t\t<div class=\"elementor-column elementor-col-50 elementor-inner-column elementor-element elementor-element-7ed3326\" data-id=\"7ed3326\" data-element_type=\"column\">\n\t\t\t<div class=\"elementor-widget-wrap elementor-element-populated\">\n\t\t\t\t\t\t<div class=\"elementor-element elementor-element-3ea8ad6 elementor-widget elementor-widget-text-editor\" data-id=\"3ea8ad6\" data-element_type=\"widget\" data-widget_type=\"text-editor.default\">\n\t\t\t\t<div class=\"elementor-widget-container\">\n\t\t\t\t\t\t\t\t\t<h6><strong>O<\/strong><b>\u00a0mapeamento agr\u00edcola com drone\u00a0\u00e9 uma t\u00e9cnica essencial para a gest\u00e3o e produtividade no campo. Vamos explorar o que \u00e9 e como funciona:<\/b><\/h6><ol><li><strong>Defini\u00e7\u00e3o e Processo:<\/strong><ul><li>O mapeamento agr\u00edcola com drone envolve a cria\u00e7\u00e3o de\u00a0mapas agr\u00edcolas precisos\u00a0a partir de dados coletados por\u00a0drones. Essas aeronaves n\u00e3o tripuladas s\u00e3o equipadas com\u00a0sensores e c\u00e2meras de alta defini\u00e7\u00e3o.<\/li><li>Os drones capturam imagens\u00a0multiespectrais, incluindo faixas de infravermelho pr\u00f3ximo (NIR), \u00edndices de vegeta\u00e7\u00e3o (NDVI, NDRE), entre outros. Esses dados s\u00e3o fundamentais para a an\u00e1lise da sa\u00fade das plantas e do solo.<\/li><\/ul><\/li><li><strong>Benef\u00edcios:<\/strong><ul><li>Identifica\u00e7\u00e3o de Falhas: Com base nos mapas gerados, \u00e9 poss\u00edvel identificar falhas no plantio, infesta\u00e7\u00f5es, n\u00famero de plantas e outras informa\u00e7\u00f5es relevantes.<\/li><li>Zonas de Manejo: O mapeamento ajuda o produtor a aplicar insumos com maior precis\u00e3o, direcionando esfor\u00e7os para solucionar problemas espec\u00edficos em cada talh\u00e3o.<\/li><li>Redu\u00e7\u00e3o de Custos e Aumento da Efici\u00eancia: O uso de drones permite uma gest\u00e3o mais eficiente da lavoura, reduzindo custos e melhorando a produtividade.<\/li><\/ul><\/li><li><strong>Import\u00e2ncia dos Drones:<\/strong><ul><li>Inicialmente criados para fins militares, os drones se tornaram ferramentas essenciais para o mapeamento agr\u00edcola.<\/li><li>Sua capacidade de capturar dados e imagens de alta defini\u00e7\u00e3o de forma r\u00e1pida e remota \u00e9 fundamental para o agroneg\u00f3cio.<\/li><li>Estima-se que o mercado mundial de\u00a0drones agr\u00edcolas\u00a0ultrapasse os\u00a0US$5 bilh\u00f5es de d\u00f3lares at\u00e9 2030.<\/li><\/ul><\/li><li><strong>Rela\u00e7\u00e3o com Agricultura de Precis\u00e3o:<\/strong><ul><li>Os drones s\u00e3o parte integrante da\u00a0agricultura de precis\u00e3o, permitindo que os produtores coletem dados agr\u00edcolas precisos para melhorar o manejo da lavoura.<\/li><li>Essa tecnologia est\u00e1 revolucionando a forma como entendemos e gerenciamos as \u00e1reas agr\u00edcolas, contribuindo para uma produ\u00e7\u00e3o mais eficiente e sustent\u00e1vel.<\/li><\/ul><\/li><\/ol>\t\t\t\t\t\t\t\t<\/div>\n\t\t\t\t<\/div>\n\t\t\t\t\t<\/div>\n\t\t<\/div>\n\t\t\t\t<div class=\"elementor-column elementor-col-50 elementor-inner-column elementor-element elementor-element-b0954d0\" data-id=\"b0954d0\" data-element_type=\"column\">\n\t\t\t<div class=\"elementor-widget-wrap elementor-element-populated\">\n\t\t\t\t\t\t<div class=\"elementor-element elementor-element-35701ab elementor-widget elementor-widget-image\" data-id=\"35701ab\" data-element_type=\"widget\" data-widget_type=\"image.default\">\n\t\t\t\t<div class=\"elementor-widget-container\">\n\t\t\t\t\t\t\t\t\t\t\t\t\t\t\t<img fetchpriority=\"high\" decoding=\"async\" width=\"600\" height=\"300\" src=\"http:\/\/ssdroneadventure.com.br\/wp-content\/uploads\/2024\/03\/Mult-2.png\" class=\"attachment-large size-large wp-image-293\" alt=\"\" srcset=\"http:\/\/ssdroneadventure.com.br\/wp-content\/uploads\/2024\/03\/Mult-2.png 600w, http:\/\/ssdroneadventure.com.br\/wp-content\/uploads\/2024\/03\/Mult-2-300x150.png 300w\" sizes=\"(max-width: 600px) 100vw, 600px\" \/>\t\t\t\t\t\t\t\t\t\t\t\t\t\t\t<\/div>\n\t\t\t\t<\/div>\n\t\t\t\t<div class=\"elementor-element elementor-element-9842ff8 elementor-widget elementor-widget-image\" data-id=\"9842ff8\" data-element_type=\"widget\" data-widget_type=\"image.default\">\n\t\t\t\t<div class=\"elementor-widget-container\">\n\t\t\t\t\t\t\t\t\t\t\t\t\t\t\t<img decoding=\"async\" width=\"660\" height=\"258\" src=\"http:\/\/ssdroneadventure.com.br\/wp-content\/uploads\/2024\/03\/Multi-1.jpg\" class=\"attachment-large size-large wp-image-294\" alt=\"\" srcset=\"http:\/\/ssdroneadventure.com.br\/wp-content\/uploads\/2024\/03\/Multi-1.jpg 1024w, http:\/\/ssdroneadventure.com.br\/wp-content\/uploads\/2024\/03\/Multi-1-300x117.jpg 300w, http:\/\/ssdroneadventure.com.br\/wp-content\/uploads\/2024\/03\/Multi-1-768x300.jpg 768w\" sizes=\"(max-width: 660px) 100vw, 660px\" \/>\t\t\t\t\t\t\t\t\t\t\t\t\t\t\t<\/div>\n\t\t\t\t<\/div>\n\t\t\t\t<div class=\"elementor-element elementor-element-2328f73 elementor-widget elementor-widget-image\" data-id=\"2328f73\" data-element_type=\"widget\" data-widget_type=\"image.default\">\n\t\t\t\t<div class=\"elementor-widget-container\">\n\t\t\t\t\t\t\t\t\t\t\t\t\t\t\t<img decoding=\"async\" width=\"660\" height=\"467\" src=\"http:\/\/ssdroneadventure.com.br\/wp-content\/uploads\/2024\/03\/Multi-3-1024x725.jpg\" class=\"attachment-large size-large wp-image-295\" alt=\"\" srcset=\"http:\/\/ssdroneadventure.com.br\/wp-content\/uploads\/2024\/03\/Multi-3-1024x725.jpg 1024w, http:\/\/ssdroneadventure.com.br\/wp-content\/uploads\/2024\/03\/Multi-3-300x212.jpg 300w, http:\/\/ssdroneadventure.com.br\/wp-content\/uploads\/2024\/03\/Multi-3-768x543.jpg 768w, http:\/\/ssdroneadventure.com.br\/wp-content\/uploads\/2024\/03\/Multi-3-1536x1087.jpg 1536w, http:\/\/ssdroneadventure.com.br\/wp-content\/uploads\/2024\/03\/Multi-3-2048x1449.jpg 2048w\" sizes=\"(max-width: 660px) 100vw, 660px\" \/>\t\t\t\t\t\t\t\t\t\t\t\t\t\t\t<\/div>\n\t\t\t\t<\/div>\n\t\t\t\t<div class=\"elementor-element elementor-element-e9085bc elementor-widget elementor-widget-image\" data-id=\"e9085bc\" data-element_type=\"widget\" data-widget_type=\"image.default\">\n\t\t\t\t<div class=\"elementor-widget-container\">\n\t\t\t\t\t\t\t\t\t\t\t\t\t\t\t<img loading=\"lazy\" decoding=\"async\" width=\"660\" height=\"328\" src=\"http:\/\/ssdroneadventure.com.br\/wp-content\/uploads\/2024\/03\/Multi-4.jpg\" class=\"attachment-large size-large wp-image-296\" alt=\"\" srcset=\"http:\/\/ssdroneadventure.com.br\/wp-content\/uploads\/2024\/03\/Multi-4.jpg 1024w, http:\/\/ssdroneadventure.com.br\/wp-content\/uploads\/2024\/03\/Multi-4-300x149.jpg 300w, http:\/\/ssdroneadventure.com.br\/wp-content\/uploads\/2024\/03\/Multi-4-768x382.jpg 768w\" sizes=\"(max-width: 660px) 100vw, 660px\" \/>\t\t\t\t\t\t\t\t\t\t\t\t\t\t\t<\/div>\n\t\t\t\t<\/div>\n\t\t\t\t\t<\/div>\n\t\t<\/div>\n\t\t\t\t\t<\/div>\n\t\t<\/section>\n\t\t\t\t<div class=\"elementor-element elementor-element-87f8034 elementor-widget elementor-widget-text-editor\" data-id=\"87f8034\" data-element_type=\"widget\" data-widget_type=\"text-editor.default\">\n\t\t\t\t<div class=\"elementor-widget-container\">\n\t\t\t\t\t\t\t\t\t<p><strong>*<em>Em resumo, o mapeamento agr\u00edcola com drone \u00e9 uma ferramenta poderosa para otimizar a produ\u00e7\u00e3o agr\u00edcola, garantindo melhores resultados e sustentabilidade.<\/em><\/strong><\/p>\t\t\t\t\t\t\t\t<\/div>\n\t\t\t\t<\/div>\n\t\t\t\t\t<\/div>\n\t\t<\/div>\n\t\t\t\t\t<\/div>\n\t\t<\/section>\n\t\t\t\t<section class=\"elementor-section elementor-top-section elementor-element elementor-element-fa6a867 elementor-section-boxed elementor-section-height-default elementor-section-height-default\" data-id=\"fa6a867\" data-element_type=\"section\">\n\t\t\t\t\t\t<div class=\"elementor-container elementor-column-gap-default\">\n\t\t\t\t\t<div class=\"elementor-column elementor-col-100 elementor-top-column elementor-element elementor-element-2c0925a\" data-id=\"2c0925a\" data-element_type=\"column\">\n\t\t\t<div class=\"elementor-widget-wrap\">\n\t\t\t\t\t\t\t<\/div>\n\t\t<\/div>\n\t\t\t\t\t<\/div>\n\t\t<\/section>\n\t\t\t\t<\/div>\n\t\t","protected":false},"excerpt":{"rendered":"<p>Multiespectral O\u00a0mapeamento agr\u00edcola com drone\u00a0\u00e9 uma t\u00e9cnica essencial para a gest\u00e3o e produtividade no campo. Vamos explorar o que \u00e9 e como funciona: Defini\u00e7\u00e3o e Processo: O mapeamento agr\u00edcola com drone envolve a cria\u00e7\u00e3o de\u00a0mapas agr\u00edcolas precisos\u00a0a partir de dados coletados por\u00a0drones. Essas aeronaves n\u00e3o tripuladas s\u00e3o equipadas com\u00a0sensores e c\u00e2meras de alta defini\u00e7\u00e3o. Os [&hellip;]<\/p>\n","protected":false},"author":1,"featured_media":0,"parent":0,"menu_order":0,"comment_status":"closed","ping_status":"closed","template":"","meta":{"hide_page_title":"","_coblocks_attr":"","_coblocks_dimensions":"","_coblocks_responsive_height":"","_coblocks_accordion_ie_support":"","footnotes":""},"_links":{"self":[{"href":"http:\/\/ssdroneadventure.com.br\/index.php?rest_route=\/wp\/v2\/pages\/281"}],"collection":[{"href":"http:\/\/ssdroneadventure.com.br\/index.php?rest_route=\/wp\/v2\/pages"}],"about":[{"href":"http:\/\/ssdroneadventure.com.br\/index.php?rest_route=\/wp\/v2\/types\/page"}],"author":[{"embeddable":true,"href":"http:\/\/ssdroneadventure.com.br\/index.php?rest_route=\/wp\/v2\/users\/1"}],"replies":[{"embeddable":true,"href":"http:\/\/ssdroneadventure.com.br\/index.php?rest_route=%2Fwp%2Fv2%2Fcomments&post=281"}],"version-history":[{"count":24,"href":"http:\/\/ssdroneadventure.com.br\/index.php?rest_route=\/wp\/v2\/pages\/281\/revisions"}],"predecessor-version":[{"id":311,"href":"http:\/\/ssdroneadventure.com.br\/index.php?rest_route=\/wp\/v2\/pages\/281\/revisions\/311"}],"wp:attachment":[{"href":"http:\/\/ssdroneadventure.com.br\/index.php?rest_route=%2Fwp%2Fv2%2Fmedia&parent=281"}],"curies":[{"name":"wp","href":"https:\/\/api.w.org\/{rel}","templated":true}]}}