{"id":312,"date":"2024-03-10T19:21:54","date_gmt":"2024-03-10T22:21:54","guid":{"rendered":"http:\/\/ssdroneadventure.com.br\/?page_id=312"},"modified":"2024-03-10T19:26:42","modified_gmt":"2024-03-10T22:26:42","slug":"irthomosaico","status":"publish","type":"page","link":"http:\/\/ssdroneadventure.com.br\/?page_id=312","title":{"rendered":"Orthomosaico"},"content":{"rendered":"\t\t<div data-elementor-type=\"wp-page\" data-elementor-id=\"312\" class=\"elementor elementor-312\">\n\t\t\t\t\t\t<section class=\"elementor-section elementor-top-section elementor-element elementor-element-996b7d7 elementor-section-stretched elementor-section-boxed elementor-section-height-default elementor-section-height-default\" data-id=\"996b7d7\" data-element_type=\"section\" data-settings=\"{&quot;stretch_section&quot;:&quot;section-stretched&quot;}\">\n\t\t\t\t\t\t<div class=\"elementor-container elementor-column-gap-default\">\n\t\t\t\t\t<div class=\"elementor-column elementor-col-100 elementor-top-column elementor-element elementor-element-0ae41eb\" data-id=\"0ae41eb\" data-element_type=\"column\">\n\t\t\t<div class=\"elementor-widget-wrap elementor-element-populated\">\n\t\t\t\t\t\t<div class=\"elementor-element elementor-element-981d6b8 elementor-widget elementor-widget-heading\" data-id=\"981d6b8\" data-element_type=\"widget\" data-widget_type=\"heading.default\">\n\t\t\t\t<div class=\"elementor-widget-container\">\n\t\t\t\t\t<h2 class=\"elementor-heading-title elementor-size-default\">Orthomosaico<\/h2>\t\t\t\t<\/div>\n\t\t\t\t<\/div>\n\t\t\t\t<section class=\"elementor-section elementor-inner-section elementor-element elementor-element-a71c2cc elementor-section-boxed elementor-section-height-default elementor-section-height-default\" data-id=\"a71c2cc\" data-element_type=\"section\">\n\t\t\t\t\t\t<div class=\"elementor-container elementor-column-gap-default\">\n\t\t\t\t\t<div class=\"elementor-column elementor-col-50 elementor-inner-column elementor-element elementor-element-d4aff22\" data-id=\"d4aff22\" data-element_type=\"column\">\n\t\t\t<div class=\"elementor-widget-wrap elementor-element-populated\">\n\t\t\t\t\t\t<div class=\"elementor-element elementor-element-2d202a1 elementor-widget elementor-widget-text-editor\" data-id=\"2d202a1\" data-element_type=\"widget\" data-widget_type=\"text-editor.default\">\n\t\t\t\t<div class=\"elementor-widget-container\">\n\t\t\t\t\t\t\t\t\t<p><strong>Processamento de Fotos para Orthomosaicos Capturadas com Drones<\/strong><\/p><p>O\u00a0<strong>processamento de fotos para orthomosaicos<\/strong> \u00e9 uma etapa crucial no uso de drones para mapeamento e monitoramento de \u00e1reas urbanas agr\u00edcolas. Vamos explorar o que isso significa e como funciona:<\/p><ol><li><p><strong>O que s\u00e3o Orthomosaicos?<\/strong><\/p><ul><li><strong>Orthomosaicos<\/strong>\u00a0s\u00e3o imagens georreferenciadas de uma determinada \u00e1rea, criadas a partir de\u00a0<strong>fotos a\u00e9reas<\/strong>\u00a0capturadas por drones.<\/li><li>A principal diferen\u00e7a entre uma foto comum e um orthomosaico \u00e9 que este \u00faltimo \u00e9\u00a0<strong>corrigido para distor\u00e7\u00f5es<\/strong>, permitindo medi\u00e7\u00f5es precisas e c\u00e1lculos de \u00e1rea.<\/li><\/ul><\/li><li><p><strong>Como Funciona o Processamento?<\/strong><\/p><ul><li>Ap\u00f3s a coleta das imagens pelo drone, elas s\u00e3o importadas para um\u00a0<strong>software de processamento fotogram\u00e9trico<\/strong>.<\/li><li>Esse software utiliza algoritmos para\u00a0<strong>corrigir distor\u00e7\u00f5es<\/strong>\u00a0causadas por fatores como o relevo do terreno, \u00e2ngulo da c\u00e2mera e perspectiva.<\/li><li>O resultado \u00e9 um orthomosaico que representa a \u00e1rea sem distor\u00e7\u00f5es, como se fosse um\u00a0<strong>mapa de alta precis\u00e3o<\/strong>.<\/li><\/ul><\/li><li><p><strong>Benef\u00edcios do Processamento de Orthomosaicos<\/strong>:<\/p><ul><li><strong>Precis\u00e3o<\/strong>: Os orthomosaicos gerados s\u00e3o altamente precisos, permitindo an\u00e1lises detalhadas.<\/li><li><strong>Planejamento Urbano<\/strong>: Prefeituras podem utilizar do mapa para fazer um recadastramento para o c\u00e1lculo de IPTU.<\/li><li><strong>Planejamento Agr\u00edcola<\/strong>: Produtores podem usar esses mapas para planejar plantio, aplica\u00e7\u00e3o de insumos e manejo.<\/li><li><strong>Monitoramento<\/strong>: O acompanhamento da sa\u00fade das plantas e detec\u00e7\u00e3o de problemas se torna mais eficiente.<\/li><\/ul><\/li><li><p><strong>Diferen\u00e7a entre Imagens de Sat\u00e9lite e Aerofotogrametria<\/strong>:<\/p><ul><li>As imagens obtidas por\u00a0<strong>aerofotografia com drones<\/strong>\u00a0possuem mais detalhes do que as imagens de sat\u00e9lite.<\/li><li>Al\u00e9m disso, a aerofotografia \u00e9 mais \u00e1gil e financeiramente acess\u00edvel para empresas que desejam realizar mapeamentos a\u00e9reos.<\/li><\/ul><\/li><\/ol><p>Em resumo, o processamento de fotos para orthomosaicos \u00e9 fundamental para obter dados precisos e criar mapas detalhados que auxiliam na gest\u00e3o urbaba e agricola.<\/p>\t\t\t\t\t\t\t\t<\/div>\n\t\t\t\t<\/div>\n\t\t\t\t\t<\/div>\n\t\t<\/div>\n\t\t\t\t<div class=\"elementor-column elementor-col-50 elementor-inner-column elementor-element elementor-element-69bd08b\" data-id=\"69bd08b\" data-element_type=\"column\">\n\t\t\t<div class=\"elementor-widget-wrap elementor-element-populated\">\n\t\t\t\t\t\t<div class=\"elementor-element elementor-element-cd74c72 elementor-widget elementor-widget-image\" data-id=\"cd74c72\" data-element_type=\"widget\" data-widget_type=\"image.default\">\n\t\t\t\t<div class=\"elementor-widget-container\">\n\t\t\t\t\t\t\t\t\t\t\t\t\t\t\t<img fetchpriority=\"high\" decoding=\"async\" width=\"660\" height=\"488\" src=\"http:\/\/ssdroneadventure.com.br\/wp-content\/uploads\/2024\/03\/ortho-4.png\" class=\"attachment-large size-large wp-image-317\" alt=\"\" srcset=\"http:\/\/ssdroneadventure.com.br\/wp-content\/uploads\/2024\/03\/ortho-4.png 728w, http:\/\/ssdroneadventure.com.br\/wp-content\/uploads\/2024\/03\/ortho-4-300x222.png 300w\" sizes=\"(max-width: 660px) 100vw, 660px\" \/>\t\t\t\t\t\t\t\t\t\t\t\t\t\t\t<\/div>\n\t\t\t\t<\/div>\n\t\t\t\t<div class=\"elementor-element elementor-element-8c8743d elementor-widget elementor-widget-image\" data-id=\"8c8743d\" data-element_type=\"widget\" data-widget_type=\"image.default\">\n\t\t\t\t<div class=\"elementor-widget-container\">\n\t\t\t\t\t\t\t\t\t\t\t\t\t\t\t<img decoding=\"async\" width=\"660\" height=\"426\" src=\"http:\/\/ssdroneadventure.com.br\/wp-content\/uploads\/2024\/03\/ortho-3.png\" class=\"attachment-large size-large wp-image-316\" alt=\"\" srcset=\"http:\/\/ssdroneadventure.com.br\/wp-content\/uploads\/2024\/03\/ortho-3.png 750w, http:\/\/ssdroneadventure.com.br\/wp-content\/uploads\/2024\/03\/ortho-3-300x194.png 300w\" sizes=\"(max-width: 660px) 100vw, 660px\" \/>\t\t\t\t\t\t\t\t\t\t\t\t\t\t\t<\/div>\n\t\t\t\t<\/div>\n\t\t\t\t<div class=\"elementor-element elementor-element-e201e01 elementor-widget elementor-widget-image\" data-id=\"e201e01\" data-element_type=\"widget\" data-widget_type=\"image.default\">\n\t\t\t\t<div class=\"elementor-widget-container\">\n\t\t\t\t\t\t\t\t\t\t\t\t\t\t\t<img decoding=\"async\" width=\"660\" height=\"256\" src=\"http:\/\/ssdroneadventure.com.br\/wp-content\/uploads\/2024\/03\/ortho-2-1024x397.jpg\" class=\"attachment-large size-large wp-image-315\" alt=\"\" srcset=\"http:\/\/ssdroneadventure.com.br\/wp-content\/uploads\/2024\/03\/ortho-2-1024x397.jpg 1024w, http:\/\/ssdroneadventure.com.br\/wp-content\/uploads\/2024\/03\/ortho-2-300x116.jpg 300w, http:\/\/ssdroneadventure.com.br\/wp-content\/uploads\/2024\/03\/ortho-2-768x298.jpg 768w, http:\/\/ssdroneadventure.com.br\/wp-content\/uploads\/2024\/03\/ortho-2.jpg 1280w\" sizes=\"(max-width: 660px) 100vw, 660px\" \/>\t\t\t\t\t\t\t\t\t\t\t\t\t\t\t<\/div>\n\t\t\t\t<\/div>\n\t\t\t\t<div class=\"elementor-element elementor-element-930954f elementor-widget elementor-widget-image\" data-id=\"930954f\" data-element_type=\"widget\" data-widget_type=\"image.default\">\n\t\t\t\t<div class=\"elementor-widget-container\">\n\t\t\t\t\t\t\t\t\t\t\t\t\t\t\t<img loading=\"lazy\" decoding=\"async\" width=\"660\" height=\"516\" src=\"http:\/\/ssdroneadventure.com.br\/wp-content\/uploads\/2024\/03\/ortho-1.jpg\" class=\"attachment-large size-large wp-image-314\" alt=\"\" srcset=\"http:\/\/ssdroneadventure.com.br\/wp-content\/uploads\/2024\/03\/ortho-1.jpg 669w, http:\/\/ssdroneadventure.com.br\/wp-content\/uploads\/2024\/03\/ortho-1-300x235.jpg 300w\" sizes=\"(max-width: 660px) 100vw, 660px\" \/>\t\t\t\t\t\t\t\t\t\t\t\t\t\t\t<\/div>\n\t\t\t\t<\/div>\n\t\t\t\t\t<\/div>\n\t\t<\/div>\n\t\t\t\t\t<\/div>\n\t\t<\/section>\n\t\t\t\t\t<\/div>\n\t\t<\/div>\n\t\t\t\t\t<\/div>\n\t\t<\/section>\n\t\t\t\t<section class=\"elementor-section elementor-top-section elementor-element elementor-element-758cd17 elementor-section-boxed elementor-section-height-default elementor-section-height-default\" data-id=\"758cd17\" data-element_type=\"section\">\n\t\t\t\t\t\t<div class=\"elementor-container elementor-column-gap-default\">\n\t\t\t\t\t<div class=\"elementor-column elementor-col-100 elementor-top-column elementor-element elementor-element-a5cce49\" data-id=\"a5cce49\" data-element_type=\"column\">\n\t\t\t<div class=\"elementor-widget-wrap\">\n\t\t\t\t\t\t\t<\/div>\n\t\t<\/div>\n\t\t\t\t\t<\/div>\n\t\t<\/section>\n\t\t\t\t<\/div>\n\t\t","protected":false},"excerpt":{"rendered":"<p>Orthomosaico Processamento de Fotos para Orthomosaicos Capturadas com Drones O\u00a0processamento de fotos para orthomosaicos \u00e9 uma etapa crucial no uso de drones para mapeamento e monitoramento de \u00e1reas urbanas agr\u00edcolas. Vamos explorar o que isso significa e como funciona: O que s\u00e3o Orthomosaicos? Orthomosaicos\u00a0s\u00e3o imagens georreferenciadas de uma determinada \u00e1rea, criadas a partir de\u00a0fotos a\u00e9reas\u00a0capturadas [&hellip;]<\/p>\n","protected":false},"author":1,"featured_media":0,"parent":0,"menu_order":0,"comment_status":"closed","ping_status":"closed","template":"","meta":{"hide_page_title":"","_coblocks_attr":"","_coblocks_dimensions":"","_coblocks_responsive_height":"","_coblocks_accordion_ie_support":"","footnotes":""},"_links":{"self":[{"href":"http:\/\/ssdroneadventure.com.br\/index.php?rest_route=\/wp\/v2\/pages\/312"}],"collection":[{"href":"http:\/\/ssdroneadventure.com.br\/index.php?rest_route=\/wp\/v2\/pages"}],"about":[{"href":"http:\/\/ssdroneadventure.com.br\/index.php?rest_route=\/wp\/v2\/types\/page"}],"author":[{"embeddable":true,"href":"http:\/\/ssdroneadventure.com.br\/index.php?rest_route=\/wp\/v2\/users\/1"}],"replies":[{"embeddable":true,"href":"http:\/\/ssdroneadventure.com.br\/index.php?rest_route=%2Fwp%2Fv2%2Fcomments&post=312"}],"version-history":[{"count":9,"href":"http:\/\/ssdroneadventure.com.br\/index.php?rest_route=\/wp\/v2\/pages\/312\/revisions"}],"predecessor-version":[{"id":326,"href":"http:\/\/ssdroneadventure.com.br\/index.php?rest_route=\/wp\/v2\/pages\/312\/revisions\/326"}],"wp:attachment":[{"href":"http:\/\/ssdroneadventure.com.br\/index.php?rest_route=%2Fwp%2Fv2%2Fmedia&parent=312"}],"curies":[{"name":"wp","href":"https:\/\/api.w.org\/{rel}","templated":true}]}}