{"id":327,"date":"2024-03-13T12:08:40","date_gmt":"2024-03-13T15:08:40","guid":{"rendered":"http:\/\/ssdroneadventure.com.br\/?page_id=327"},"modified":"2024-03-13T12:11:48","modified_gmt":"2024-03-13T15:11:48","slug":"mdt","status":"publish","type":"page","link":"http:\/\/ssdroneadventure.com.br\/?page_id=327","title":{"rendered":"MDT"},"content":{"rendered":"\t\t<div data-elementor-type=\"wp-page\" data-elementor-id=\"327\" class=\"elementor elementor-327\">\n\t\t\t\t\t\t<section class=\"elementor-section elementor-top-section elementor-element elementor-element-734143d elementor-section-stretched elementor-section-boxed elementor-section-height-default elementor-section-height-default\" data-id=\"734143d\" data-element_type=\"section\" data-settings=\"{&quot;stretch_section&quot;:&quot;section-stretched&quot;}\">\n\t\t\t\t\t\t<div class=\"elementor-container elementor-column-gap-default\">\n\t\t\t\t\t<div class=\"elementor-column elementor-col-100 elementor-top-column elementor-element elementor-element-8b3bebf\" data-id=\"8b3bebf\" data-element_type=\"column\">\n\t\t\t<div class=\"elementor-widget-wrap elementor-element-populated\">\n\t\t\t\t\t\t<div class=\"elementor-element elementor-element-c2966b6 elementor-widget elementor-widget-heading\" data-id=\"c2966b6\" data-element_type=\"widget\" data-widget_type=\"heading.default\">\n\t\t\t\t<div class=\"elementor-widget-container\">\n\t\t\t\t\t<h2 class=\"elementor-heading-title elementor-size-default\">MDT<\/h2>\t\t\t\t<\/div>\n\t\t\t\t<\/div>\n\t\t\t\t<section class=\"elementor-section elementor-inner-section elementor-element elementor-element-0dbb6a3 elementor-section-boxed elementor-section-height-default elementor-section-height-default\" data-id=\"0dbb6a3\" data-element_type=\"section\">\n\t\t\t\t\t\t<div class=\"elementor-container elementor-column-gap-default\">\n\t\t\t\t\t<div class=\"elementor-column elementor-col-50 elementor-inner-column elementor-element elementor-element-0e70966\" data-id=\"0e70966\" data-element_type=\"column\">\n\t\t\t<div class=\"elementor-widget-wrap elementor-element-populated\">\n\t\t\t\t\t\t<div class=\"elementor-element elementor-element-e0a3e25 elementor-widget elementor-widget-text-editor\" data-id=\"e0a3e25\" data-element_type=\"widget\" data-widget_type=\"text-editor.default\">\n\t\t\t\t<div class=\"elementor-widget-container\">\n\t\t\t\t\t\t\t\t\t<p style=\"padding: 0px; margin-bottom: 0px; user-select: text; word-break: break-word; font-size: 16px; line-height: var(--cib-type-body2-line-height); font-variation-settings: var(--cib-type-body2-font-variation-settings); color: #111111; font-family: -apple-system, Roboto, SegoeUI, 'Segoe UI', 'Helvetica Neue', Helvetica, 'Microsoft YaHei', 'Meiryo UI', Meiryo, 'Arial Unicode MS', sans-serif;\"><span style=\"font-size: var(--cib-type-subtitle2-stronger-font-size); line-height: var(--cib-type-subtitle2-stronger-line-height); font-weight: var(--cib-type-subtitle2-stronger-font-weight); font-variation-settings: var(--cib-type-subtitle2-stronger-font-variation-settings);\">O Modelo Digital de Terreno (MDT)<\/span>\u00a0\u00e9 uma representa\u00e7\u00e3o matem\u00e1tica cont\u00ednua da distribui\u00e7\u00e3o espacial das varia\u00e7\u00f5es de altitude no terreno. Essa t\u00e9cnica \u00e9 essencial para a representa\u00e7\u00e3o tridimensional do terreno em diversas \u00e1reas da engenharia e disciplinas relacionadas. Vamos explorar mais sobre o MDT:<\/p><ol style=\"margin: 12px 0px 0px; display: flex; flex-direction: column; gap: 4px; padding-inline-start: 24px; color: #111111; font-family: -apple-system, Roboto, SegoeUI, 'Segoe UI', 'Helvetica Neue', Helvetica, 'Microsoft YaHei', 'Meiryo UI', Meiryo, 'Arial Unicode MS', sans-serif; font-size: 16px;\"><li><p style=\"padding: 0px; margin-bottom: 0px; user-select: text; word-break: break-word; font-size: var(--cib-type-body2-font-size); line-height: var(--cib-type-body2-line-height); font-weight: var(--cib-type-body2-font-weight); font-variation-settings: var(--cib-type-body2-font-variation-settings); display: inline;\"><span style=\"font-size: var(--cib-type-subtitle2-stronger-font-size); line-height: var(--cib-type-subtitle2-stronger-line-height); font-weight: var(--cib-type-subtitle2-stronger-font-weight); font-variation-settings: var(--cib-type-subtitle2-stronger-font-variation-settings);\">Defini\u00e7\u00e3o e Funcionalidade<\/span>:<\/p><ul style=\"display: flex; flex-direction: column; gap: 4px; margin: 12px 0px 0px; padding-inline-start: 24px;\"><li><a style=\"position: relative; border-bottom: 2px solid transparent; text-decoration-style: dotted; text-underline-offset: 3px; text-decoration-line: underline; text-decoration-color: var(--cib-color-foreground-neutral-tertiary);\" href=\"https:\/\/revistas.fucamp.edu.br\/index.php\/getec\/article\/download\/2567\/1599\" target=\"_blank\" rel=\"noopener\" data-citationid=\"586c5255-fbaa-06c8-a3e6-e96e4bb0ff43-9-group\">O MDT define matematicamente o comportamento altim\u00e9trico do relevo, com base em uma amostragem de pontos coletados com coordenadas conhecidas\u00a0<\/a><a style=\"position: relative;\" href=\"https:\/\/revistas.fucamp.edu.br\/index.php\/getec\/article\/download\/2567\/1599\" target=\"_blank\" rel=\"noopener\" data-citationid=\"586c5255-fbaa-06c8-a3e6-e96e4bb0ff43-9\" aria-label=\"1: \"><span style=\"position: relative; display: inline-flex; align-items: center; justify-content: center; vertical-align: top; top: 4px; margin: 0px 2px; min-width: 14px; height: 14px; text-decoration-color: transparent; outline: transparent solid 1px; color: var(--cib-color-foreground-accent-primary); background: transparent; border-radius: var(--cib-border-radius-medium); font-size: var(--cib-type-caption2-strong-font-size); line-height: var(--cib-type-caption2-strong-line-height); font-weight: var(--cib-type-caption2-strong-font-weight); font-variation-settings: var(--cib-type-caption2-strong-font-variation-settings); border: 1px solid var(--cib-color-stroke-neutral-secondary);\">1<\/span><\/a>.<\/li><li><a style=\"position: relative; border-bottom: 2px solid transparent; text-decoration-style: dotted; text-underline-offset: 3px; text-decoration-line: underline; text-decoration-color: var(--cib-color-foreground-neutral-tertiary);\" href=\"https:\/\/aeroengenharia.com\/glossario\/o-que-e-terra-modelada-modelagem-digital-do-terreno-mdt\/\" target=\"_blank\" rel=\"noopener\" data-citationid=\"586c5255-fbaa-06c8-a3e6-e96e4bb0ff43-12-group\">Ele permite uma an\u00e1lise mais precisa e detalhada do terreno, auxiliando na tomada de decis\u00f5es, no planejamento de projetos e na an\u00e1lise de impacto ambiental\u00a0<\/a>.<\/li><li>Basicamente, o MDT representa a altimetria do solo, desconsiderando elementos como \u00e1rvores e casas.<\/li><\/ul><\/li><li><p style=\"padding: 0px; margin-bottom: 0px; user-select: text; word-break: break-word; font-size: var(--cib-type-body2-font-size); line-height: var(--cib-type-body2-line-height); font-weight: var(--cib-type-body2-font-weight); font-variation-settings: var(--cib-type-body2-font-variation-settings); display: inline;\"><span style=\"font-size: var(--cib-type-subtitle2-stronger-font-size); line-height: var(--cib-type-subtitle2-stronger-line-height); font-weight: var(--cib-type-subtitle2-stronger-font-weight); font-variation-settings: var(--cib-type-subtitle2-stronger-font-variation-settings);\">Processo de Gera\u00e7\u00e3o<\/span>:<\/p><ul style=\"display: flex; flex-direction: column; gap: 4px; margin: 12px 0px 0px; padding-inline-start: 24px;\"><li>O MDT \u00e9 obtido por meio do processamento de imagens de mapeamento com drones.<\/li><li>Ap\u00f3s corrigir distor\u00e7\u00f5es, sobrepor as fotos e ler os dados de geolocaliza\u00e7\u00e3o, o software gera automaticamente o MDT com base na nuvem de pontos.<\/li><li>Al\u00e9m do MDT, outros resultados tamb\u00e9m s\u00e3o gerados, como o\u00a0<strong>Modelo 3D<\/strong>,\u00a0<strong>Ortomosaico<\/strong>,\u00a0<strong>Curvas de n\u00edvel<\/strong>\u00a0e o\u00a0<strong>Modelo Digital de Superf\u00edcie (MDS)<\/strong>.<\/li><\/ul><\/li><li><p style=\"padding: 0px; margin-bottom: 0px; user-select: text; word-break: break-word; font-size: var(--cib-type-body2-font-size); line-height: var(--cib-type-body2-line-height); font-weight: var(--cib-type-body2-font-weight); font-variation-settings: var(--cib-type-body2-font-variation-settings); display: inline;\"><span style=\"font-size: var(--cib-type-subtitle2-stronger-font-size); line-height: var(--cib-type-subtitle2-stronger-line-height); font-weight: var(--cib-type-subtitle2-stronger-font-weight); font-variation-settings: var(--cib-type-subtitle2-stronger-font-variation-settings);\">Diferen\u00e7a entre MDT e MDS<\/span>:<\/p><ul style=\"display: flex; flex-direction: column; gap: 4px; margin: 12px 0px 0px; padding-inline-start: 24px;\"><li>O\u00a0<strong>MDS<\/strong>\u00a0representa a altimetria de todos os objetos acima do solo, como casas e \u00e1rvores.<\/li><li>O\u00a0<strong>MDT<\/strong>, por outro lado, desconsidera esses elementos e representa apenas a altimetria do solo.<\/li><li>Essa diferen\u00e7a de filtragem torna os dois mapas aplic\u00e1veis em contextos distintos:<ul style=\"display: flex; flex-direction: column; gap: 4px; margin: 12px 0px 0px; padding-inline-start: 24px;\"><li>O MDS \u00e9 usado para c\u00e1lculos de volumetria, planejamento urbano e infraestrutura.<\/li><li><a style=\"position: relative; border-bottom: 2px solid transparent; text-decoration-style: dotted; text-underline-offset: 3px; text-decoration-line: underline; text-decoration-color: var(--cib-color-foreground-neutral-tertiary);\" href=\"https:\/\/mappa.ag\/blog\/modelos-digitais-de-terreno-e-superficie-mdt-e-mds\/\" target=\"_blank\" rel=\"noopener\" data-citationid=\"586c5255-fbaa-06c8-a3e6-e96e4bb0ff43-38-group\">O MDT \u00e9 aplicado em levantamentos altim\u00e9tricos, planejamento de canteiro de obras, terraplanagem, cria\u00e7\u00e3o de mapas de declividade, entre outras atividades\u00a0<\/a><a style=\"position: relative;\" href=\"https:\/\/mappa.ag\/blog\/modelos-digitais-de-terreno-e-superficie-mdt-e-mds\/\" target=\"_blank\" rel=\"noopener\" data-citationid=\"586c5255-fbaa-06c8-a3e6-e96e4bb0ff43-38\" aria-label=\"3: \"><span style=\"position: relative; display: inline-flex; align-items: center; justify-content: center; vertical-align: top; top: 4px; margin: 0px 2px; min-width: 14px; height: 14px; text-decoration-color: transparent; outline: transparent solid 1px; color: var(--cib-color-foreground-accent-primary); background: transparent; border-radius: var(--cib-border-radius-medium); font-size: var(--cib-type-caption2-strong-font-size); line-height: var(--cib-type-caption2-strong-line-height); font-weight: var(--cib-type-caption2-strong-font-weight); font-variation-settings: var(--cib-type-caption2-strong-font-variation-settings); border: 1px solid var(--cib-color-stroke-neutral-secondary);\">3<\/span><\/a>.<\/li><\/ul><\/li><\/ul><\/li><\/ol><p style=\"padding: 0px; margin-top: 12px; user-select: text; word-break: break-word; font-size: 16px; line-height: var(--cib-type-body2-line-height); font-variation-settings: var(--cib-type-body2-font-variation-settings); color: #111111; font-family: -apple-system, Roboto, SegoeUI, 'Segoe UI', 'Helvetica Neue', Helvetica, 'Microsoft YaHei', 'Meiryo UI', Meiryo, 'Arial Unicode MS', sans-serif;\">Em resumo, o MDT \u00e9 uma ferramenta valiosa para entender e modelar o terreno, fornecendo informa\u00e7\u00f5es essenciais para diversos setores.<\/p>\t\t\t\t\t\t\t\t<\/div>\n\t\t\t\t<\/div>\n\t\t\t\t\t<\/div>\n\t\t<\/div>\n\t\t\t\t<div class=\"elementor-column elementor-col-50 elementor-inner-column elementor-element elementor-element-a274e98\" data-id=\"a274e98\" data-element_type=\"column\">\n\t\t\t<div class=\"elementor-widget-wrap elementor-element-populated\">\n\t\t\t\t\t\t<div class=\"elementor-element elementor-element-8d29750 elementor-widget elementor-widget-image\" data-id=\"8d29750\" data-element_type=\"widget\" data-widget_type=\"image.default\">\n\t\t\t\t<div class=\"elementor-widget-container\">\n\t\t\t\t\t\t\t\t\t\t\t\t\t\t\t<img fetchpriority=\"high\" decoding=\"async\" width=\"660\" height=\"438\" src=\"http:\/\/ssdroneadventure.com.br\/wp-content\/uploads\/2024\/03\/MDT-2.jpg\" class=\"attachment-large size-large wp-image-330\" alt=\"\" srcset=\"http:\/\/ssdroneadventure.com.br\/wp-content\/uploads\/2024\/03\/MDT-2.jpg 700w, http:\/\/ssdroneadventure.com.br\/wp-content\/uploads\/2024\/03\/MDT-2-300x199.jpg 300w\" sizes=\"(max-width: 660px) 100vw, 660px\" \/>\t\t\t\t\t\t\t\t\t\t\t\t\t\t\t<\/div>\n\t\t\t\t<\/div>\n\t\t\t\t<div class=\"elementor-element elementor-element-34f6241 elementor-widget elementor-widget-image\" data-id=\"34f6241\" data-element_type=\"widget\" data-widget_type=\"image.default\">\n\t\t\t\t<div class=\"elementor-widget-container\">\n\t\t\t\t\t\t\t\t\t\t\t\t\t\t\t<img decoding=\"async\" width=\"660\" height=\"327\" src=\"http:\/\/ssdroneadventure.com.br\/wp-content\/uploads\/2024\/03\/MDT-1.jpg\" class=\"attachment-large size-large wp-image-329\" alt=\"\" srcset=\"http:\/\/ssdroneadventure.com.br\/wp-content\/uploads\/2024\/03\/MDT-1.jpg 1000w, http:\/\/ssdroneadventure.com.br\/wp-content\/uploads\/2024\/03\/MDT-1-300x149.jpg 300w, http:\/\/ssdroneadventure.com.br\/wp-content\/uploads\/2024\/03\/MDT-1-768x380.jpg 768w\" sizes=\"(max-width: 660px) 100vw, 660px\" \/>\t\t\t\t\t\t\t\t\t\t\t\t\t\t\t<\/div>\n\t\t\t\t<\/div>\n\t\t\t\t<div class=\"elementor-element elementor-element-50d0186 elementor-widget elementor-widget-image\" data-id=\"50d0186\" data-element_type=\"widget\" data-widget_type=\"image.default\">\n\t\t\t\t<div class=\"elementor-widget-container\">\n\t\t\t\t\t\t\t\t\t\t\t\t\t\t\t<img decoding=\"async\" width=\"607\" height=\"329\" src=\"http:\/\/ssdroneadventure.com.br\/wp-content\/uploads\/2024\/03\/MDT-3.jpg\" class=\"attachment-large size-large wp-image-331\" alt=\"\" srcset=\"http:\/\/ssdroneadventure.com.br\/wp-content\/uploads\/2024\/03\/MDT-3.jpg 607w, http:\/\/ssdroneadventure.com.br\/wp-content\/uploads\/2024\/03\/MDT-3-300x163.jpg 300w\" sizes=\"(max-width: 607px) 100vw, 607px\" \/>\t\t\t\t\t\t\t\t\t\t\t\t\t\t\t<\/div>\n\t\t\t\t<\/div>\n\t\t\t\t<div class=\"elementor-element elementor-element-d6d9d30 elementor-widget elementor-widget-image\" data-id=\"d6d9d30\" data-element_type=\"widget\" data-widget_type=\"image.default\">\n\t\t\t\t<div class=\"elementor-widget-container\">\n\t\t\t\t\t\t\t\t\t\t\t\t\t\t\t<img loading=\"lazy\" decoding=\"async\" width=\"467\" height=\"485\" src=\"http:\/\/ssdroneadventure.com.br\/wp-content\/uploads\/2024\/03\/MDT-4.jpg\" class=\"attachment-large size-large wp-image-332\" alt=\"\" srcset=\"http:\/\/ssdroneadventure.com.br\/wp-content\/uploads\/2024\/03\/MDT-4.jpg 467w, http:\/\/ssdroneadventure.com.br\/wp-content\/uploads\/2024\/03\/MDT-4-289x300.jpg 289w\" sizes=\"(max-width: 467px) 100vw, 467px\" \/>\t\t\t\t\t\t\t\t\t\t\t\t\t\t\t<\/div>\n\t\t\t\t<\/div>\n\t\t\t\t\t<\/div>\n\t\t<\/div>\n\t\t\t\t\t<\/div>\n\t\t<\/section>\n\t\t\t\t\t<\/div>\n\t\t<\/div>\n\t\t\t\t\t<\/div>\n\t\t<\/section>\n\t\t\t\t<\/div>\n\t\t","protected":false},"excerpt":{"rendered":"<p>MDT O Modelo Digital de Terreno (MDT)\u00a0\u00e9 uma representa\u00e7\u00e3o matem\u00e1tica cont\u00ednua da distribui\u00e7\u00e3o espacial das varia\u00e7\u00f5es de altitude no terreno. Essa t\u00e9cnica \u00e9 essencial para a representa\u00e7\u00e3o tridimensional do terreno em diversas \u00e1reas da engenharia e disciplinas relacionadas. Vamos explorar mais sobre o MDT: Defini\u00e7\u00e3o e Funcionalidade: O MDT define matematicamente o comportamento altim\u00e9trico do [&hellip;]<\/p>\n","protected":false},"author":1,"featured_media":0,"parent":0,"menu_order":0,"comment_status":"closed","ping_status":"closed","template":"","meta":{"hide_page_title":"","_coblocks_attr":"","_coblocks_dimensions":"","_coblocks_responsive_height":"","_coblocks_accordion_ie_support":"","footnotes":""},"_links":{"self":[{"href":"http:\/\/ssdroneadventure.com.br\/index.php?rest_route=\/wp\/v2\/pages\/327"}],"collection":[{"href":"http:\/\/ssdroneadventure.com.br\/index.php?rest_route=\/wp\/v2\/pages"}],"about":[{"href":"http:\/\/ssdroneadventure.com.br\/index.php?rest_route=\/wp\/v2\/types\/page"}],"author":[{"embeddable":true,"href":"http:\/\/ssdroneadventure.com.br\/index.php?rest_route=\/wp\/v2\/users\/1"}],"replies":[{"embeddable":true,"href":"http:\/\/ssdroneadventure.com.br\/index.php?rest_route=%2Fwp%2Fv2%2Fcomments&post=327"}],"version-history":[{"count":5,"href":"http:\/\/ssdroneadventure.com.br\/index.php?rest_route=\/wp\/v2\/pages\/327\/revisions"}],"predecessor-version":[{"id":336,"href":"http:\/\/ssdroneadventure.com.br\/index.php?rest_route=\/wp\/v2\/pages\/327\/revisions\/336"}],"wp:attachment":[{"href":"http:\/\/ssdroneadventure.com.br\/index.php?rest_route=%2Fwp%2Fv2%2Fmedia&parent=327"}],"curies":[{"name":"wp","href":"https:\/\/api.w.org\/{rel}","templated":true}]}}